{"id":31,"date":"2015-05-07T13:42:01","date_gmt":"2015-05-07T11:42:01","guid":{"rendered":"http:\/\/www.gpashipping.com\/home\/platne\/serwer44072\/public_html\/gpaold\/?page_id=31"},"modified":"2022-04-07T21:07:20","modified_gmt":"2022-04-07T19:07:20","slug":"nasi-partnerzy","status":"publish","type":"page","link":"https:\/\/gpashipping.com\/?page_id=31","title":{"rendered":"Nasi partnerzy"},"content":{"rendered":"<p><a href=\"http:\/\/gpashipping.com\/wp-content\/uploads\/2015\/05\/Fednav2x200.jpg\"><img loading=\"lazy\" decoding=\"async\" class=\"alignnone size-medium wp-image-1084\" src=\"http:\/\/gpashipping.com\/wp-content\/uploads\/2015\/05\/Fednav2x200-300x100.jpg\" alt=\"\" width=\"300\" height=\"100\"><\/a><\/p>\n<p>Since 1959, Fednav International Ltd. has operated Fednav Atlantic Lakes Line or FALLine, a continuous scheduled service from Europe to the Great Lakes and St. Lawrence Seaway System that offers flexible scheduling to meet its customers\u2019 needs. Carrying a mix of steel products, project, and breakbulk cargoes, the line offers sailings from Antwerp, Brake\/Bremen, and Szczecin. Regular ports of discharge include Sorel, Hamilton, Cleveland, Detroit, &nbsp;Milwaukee, Chicago, Burns Harbor, Thunder Bay and Duluth. Other ports of load and discharge are considered subject to sufficient inducement.<\/p>\n<p>Od roku 1959 Fednav International Ltd. dzia\u0142aj\u0105c nieprzerwanie jako Fednav Atlantic Lakes Line \/ FALLine \u2013 w serwisie liniowym z Europy w kierunku Wielkich Jezior i rzeki \u015aw. Wawrzy\u0144ca przewozi r\u00f3\u017cnorodne towary: &nbsp;wyroby stalowe, konstrukcje czy \u0142adunki drobnicowo-masowe. Linia oferuje regularny serwis z Antwerpii, Brake \/ Bremen i Szczecina do takich port\u00f3w wy\u0142adunkowych jak: &nbsp;Sorel, Hamilton, Cleveland, Detroit, &nbsp;Milwaukee, Chicago, Burns Harbor, Thunder Bay i Duluth. Inne porty za- i wy\u0142adunkowe mog\u0105 by\u0107 kalkulowane w zale\u017cno\u015bci &nbsp;od rodzaju i ilo\u015bci \u0142adunku.<\/p>\n<p><a href=\"http:\/\/gpashipping.com\/wp-content\/uploads\/2015\/05\/Logo_TRA_LTD_small.jpg\"><img loading=\"lazy\" decoding=\"async\" class=\"alignleft wp-image-1082 size-full\" src=\"http:\/\/gpashipping.com\/wp-content\/uploads\/2015\/05\/Logo_TRA_LTD_small.jpg\" alt=\"Logo_TRA_LTD_small\" width=\"320\" height=\"65\" srcset=\"https:\/\/gpashipping.com\/wp-content\/uploads\/2015\/05\/Logo_TRA_LTD_small.jpg 320w, https:\/\/gpashipping.com\/wp-content\/uploads\/2015\/05\/Logo_TRA_LTD_small-300x61.jpg 300w\" sizes=\"(max-width: 320px) 100vw, 320px\" \/><\/a><\/p>\n<p>&nbsp;<\/p>\n<p>&nbsp;<\/p>\n<p>&nbsp;<\/p>\n<p><a href=\"http:\/\/www.gpashipping.com\/home\/platne\/serwer44072\/public_html\/gpaold\/wp-content\/uploads\/2015\/05\/Logo_CST_LTD_small.jpg\"><img loading=\"lazy\" decoding=\"async\" class=\"alignleft  wp-image-1083\" src=\"http:\/\/www.gpashipping.com\/home\/platne\/serwer44072\/public_html\/gpaold\/wp-content\/uploads\/2015\/05\/Logo_CST_LTD_small.jpg\" alt=\"Logo_CST_LTD_small\" width=\"319\" height=\"70\" srcset=\"https:\/\/gpashipping.com\/wp-content\/uploads\/2015\/05\/Logo_CST_LTD_small.jpg 360w, https:\/\/gpashipping.com\/wp-content\/uploads\/2015\/05\/Logo_CST_LTD_small-300x66.jpg 300w\" sizes=\"(max-width: 319px) 100vw, 319px\" \/><\/a><\/p>\n<p>&nbsp;<\/p>\n<p>&nbsp;<\/p>\n<p>&nbsp;<\/p>\n<p>Transintra GmbH, jako firma spedycyjna, dzia\u0142a na mi\u0119dzynarodowym rynku ju\u017c od 1977, dla uzupe\u0142nienia potrzeb frachtowych i statkowo &#8211; agencyjnych w roku 1989 powo\u0142ano do \u017cycia CST Comet. W Polsce oddzia\u0142y tych firm powsta\u0142y w roku 1994 a od roku 2015, w wyniku przekszta\u0142ce\u0144 strukturalnych, nasza firma sta\u0142a si\u0119 bezpo\u015brednim agentem grupy Transintra \/ CST Comet obs\u0142uguj\u0105c kontrakty poprzez polskie i nie tylko porty morskie i \u015br\u00f3dl\u0105dowe.<\/p>\n<p>Since 1977 Transintra acts as a forwading company on international market, to supplement &nbsp;with chartering and &nbsp;vessel\u2019s agency &nbsp;CST Comet was found in 1989 as a sister company. In Poland both offices were opened in 1994 and as from 2015 year, after structural changes, our company has been nominated as Transintra &nbsp;and CST Comet exclusive agent for their contract coordination via polish and not only sea and inland ports.<\/p>\n<p>&nbsp;<\/p>\n","protected":false},"excerpt":{"rendered":"<p>Since 1959, Fednav International Ltd. has operated Fednav Atlantic Lakes Line or FALLine, a continuous scheduled service from Europe to the Great Lakes and St. Lawrence Seaway System that offers flexible scheduling to meet its customers\u2019 needs. Carrying a mix of steel products, project, and breakbulk cargoes, the line offers sailings from Antwerp, Brake\/Bremen, and [&hellip;]<\/p>\n","protected":false},"author":1,"featured_media":0,"parent":0,"menu_order":0,"comment_status":"closed","ping_status":"closed","template":"","meta":{"ngg_post_thumbnail":0,"footnotes":""},"_links":{"self":[{"href":"https:\/\/gpashipping.com\/index.php?rest_route=\/wp\/v2\/pages\/31"}],"collection":[{"href":"https:\/\/gpashipping.com\/index.php?rest_route=\/wp\/v2\/pages"}],"about":[{"href":"https:\/\/gpashipping.com\/index.php?rest_route=\/wp\/v2\/types\/page"}],"author":[{"embeddable":true,"href":"https:\/\/gpashipping.com\/index.php?rest_route=\/wp\/v2\/users\/1"}],"replies":[{"embeddable":true,"href":"https:\/\/gpashipping.com\/index.php?rest_route=%2Fwp%2Fv2%2Fcomments&post=31"}],"version-history":[{"count":23,"href":"https:\/\/gpashipping.com\/index.php?rest_route=\/wp\/v2\/pages\/31\/revisions"}],"predecessor-version":[{"id":1137,"href":"https:\/\/gpashipping.com\/index.php?rest_route=\/wp\/v2\/pages\/31\/revisions\/1137"}],"wp:attachment":[{"href":"https:\/\/gpashipping.com\/index.php?rest_route=%2Fwp%2Fv2%2Fmedia&parent=31"}],"curies":[{"name":"wp","href":"https:\/\/api.w.org\/{rel}","templated":true}]}}