{"id":21,"date":"2015-04-01T14:55:10","date_gmt":"2015-04-01T12:55:10","guid":{"rendered":"http:\/\/www.gpashipping.com\/home\/platne\/serwer44072\/public_html\/gpaold\/?page_id=21"},"modified":"2017-09-26T11:28:12","modified_gmt":"2017-09-26T09:28:12","slug":"kontakt","status":"publish","type":"page","link":"https:\/\/gpashipping.com\/?page_id=21","title":{"rendered":"Kontakt"},"content":{"rendered":"<p style=\"text-align: center;\" align=\"CENTER\"><span style=\"font-family: Arial,sans-serif;\"><span style=\"font-size: xx-large;\">GPA SHIPPING Sp. z o.o.<\/span><\/span><\/p>\n<p style=\"text-align: center;\" align=\"CENTER\"><span style=\"font-family: Arial,sans-serif;\"><span style=\"font-size: xx-large;\">ul. G. Merkatora 11<br \/>\n<\/span><\/span><\/p>\n<p style=\"text-align: center;\" align=\"CENTER\"><span style=\"font-family: Arial,sans-serif;\"><span style=\"font-size: xx-large;\">70-676 Szczecin<\/span><\/span><\/p>\n<h4 style=\"text-align: center;\" align=\"CENTER\">NIP PL 955-23-65-603<\/h4>\n<p style=\"text-align: center;\" align=\"CENTER\"><span style=\"font-family: Arial,sans-serif;\"><span style=\"font-size: large;\">Tel.\u00a0 +48 91 4624 355<br \/>\nTel.\u00a0 +48\u00a091 4624 366<br \/>\nFax. +48 91 4624 787<\/span><\/span><\/p>\n<p style=\"text-align: center;\" align=\"CENTER\"><span style=\"font-family: Arial,sans-serif;\"><span style=\"font-size: large;\"><br \/>\nMa\u0142gorzata Buda <\/span><\/span><\/p>\n<p style=\"text-align: center;\" align=\"CENTER\"><span style=\"font-family: Arial,sans-serif;\"><span style=\"font-size: large;\">Kom. <\/span><\/span><span style=\"font-family: Arial,sans-serif;\"><span style=\"font-size: large;\">+48 607 598 218<\/span><\/span><\/p>\n<p style=\"text-align: center;\" align=\"CENTER\"><span style=\"font-family: Arial,sans-serif;\"><span style=\"font-size: large;\"><br \/>\nPrzemys\u0142aw Przybyli\u0144ski <\/span><\/span><\/p>\n<p style=\"text-align: center;\" align=\"CENTER\"><span style=\"font-family: Arial,sans-serif;\"><span style=\"font-size: large;\">Kom. <\/span><\/span><span style=\"font-family: Arial,sans-serif;\"><span style=\"font-size: large;\">+48 601 798 082<\/span><\/span><\/p>\n<p style=\"text-align: center;\" align=\"CENTER\"><span style=\"font-family: Arial,sans-serif;\"><span style=\"font-size: large;\"><br \/>\nemail: info@gpashipping.com <\/span><\/span><\/p>\n","protected":false},"excerpt":{"rendered":"<p>GPA SHIPPING Sp. z o.o. ul. G. Merkatora 11 70-676 Szczecin NIP PL 955-23-65-603 Tel.\u00a0 +48 91 4624 355 Tel.\u00a0 +48\u00a091 4624 366 Fax. +48 91 4624 787 Ma\u0142gorzata Buda Kom. +48 607 598 218 Przemys\u0142aw Przybyli\u0144ski Kom. +48 601 798 082 email: info@gpashipping.com<\/p>\n","protected":false},"author":1,"featured_media":0,"parent":0,"menu_order":0,"comment_status":"closed","ping_status":"closed","template":"","meta":{"ngg_post_thumbnail":0,"footnotes":""},"_links":{"self":[{"href":"https:\/\/gpashipping.com\/index.php?rest_route=\/wp\/v2\/pages\/21"}],"collection":[{"href":"https:\/\/gpashipping.com\/index.php?rest_route=\/wp\/v2\/pages"}],"about":[{"href":"https:\/\/gpashipping.com\/index.php?rest_route=\/wp\/v2\/types\/page"}],"author":[{"embeddable":true,"href":"https:\/\/gpashipping.com\/index.php?rest_route=\/wp\/v2\/users\/1"}],"replies":[{"embeddable":true,"href":"https:\/\/gpashipping.com\/index.php?rest_route=%2Fwp%2Fv2%2Fcomments&post=21"}],"version-history":[{"count":12,"href":"https:\/\/gpashipping.com\/index.php?rest_route=\/wp\/v2\/pages\/21\/revisions"}],"predecessor-version":[{"id":1113,"href":"https:\/\/gpashipping.com\/index.php?rest_route=\/wp\/v2\/pages\/21\/revisions\/1113"}],"wp:attachment":[{"href":"https:\/\/gpashipping.com\/index.php?rest_route=%2Fwp%2Fv2%2Fmedia&parent=21"}],"curies":[{"name":"wp","href":"https:\/\/api.w.org\/{rel}","templated":true}]}}