{"id":2,"date":"2015-04-01T12:21:28","date_gmt":"2015-04-01T12:21:28","guid":{"rendered":"http:\/\/www.gpashipping.com\/home\/platne\/serwer44072\/public_html\/gpaold\/?page_id=2"},"modified":"2022-04-08T15:10:48","modified_gmt":"2022-04-08T13:10:48","slug":"przykladowa-strona","status":"publish","type":"page","link":"https:\/\/gpashipping.com\/","title":{"rendered":"G\u0142\u00f3wna \/ Home"},"content":{"rendered":"<p>GPA Shipping Sp. z o.o. jest niezale\u017cn\u0105 firm\u0105 spedycyjno-agencyjn\u0105, &nbsp;dzia\u0142aj\u0105c\u0105 na rynku krajowym i zagranicznym. Jeste\u015bmy agentem na terenie Polski dla armatora Fednav oraz naszego wieloletniego partnera Transintra \/ CST GmbH. Nasze 20 letnie do\u015bwiadczenie w bran\u017cy transportowej pozwala nam realizowa\u0107 r\u00f3\u017cne projekty poprzez obs\u0142ug\u0119 statk\u00f3w we wszystkich polskich portach, frachtowanie towar\u00f3w, bukowanie kontener\u00f3w, organizacj\u0119 transportu &#8222;door-to-door&#8221; \u0142adunk\u00f3w, w tym \u0142adunk\u00f3w nietypowych, ponadgabarytowych i sztuk ci\u0119\u017ckich &#8211; &nbsp;drog\u0105 morsk\u0105, transportem kolejowym, ko\u0142owym czy barkowym. Naszymi atutami s\u0105 rzetelne podej\u015bcie i lojalno\u015b\u0107 wobec Klienta.<\/p>\n<p>GPA Shipping Ltd. is independent forwarding and ship&#8217;s agency company acting on local, polish and international market. We are liner agent for Poland for messrs Fednav and CST \/ Transintra Bremen Group. Our 20 years experience in transport sector allows us to carry various projects thanks to ships&#8217; agencies in all polish ports, chartering, container bookings, &#8222;door-to-door&#8221; service of all kind of cargo including heavy lifts by sea, by train, by truck or by barge. Our bona fide approach towards customers and loyality are our primary assets.<\/p>\n<p>&nbsp;<\/p>\n","protected":false},"excerpt":{"rendered":"<p>GPA Shipping Sp. z o.o. jest niezale\u017cn\u0105 firm\u0105 spedycyjno-agencyjn\u0105, &nbsp;dzia\u0142aj\u0105c\u0105 na rynku krajowym i zagranicznym. Jeste\u015bmy agentem na terenie Polski dla armatora Fednav oraz naszego wieloletniego partnera Transintra \/ CST GmbH. Nasze 20 letnie do\u015bwiadczenie w bran\u017cy transportowej pozwala nam realizowa\u0107 r\u00f3\u017cne projekty poprzez obs\u0142ug\u0119 statk\u00f3w we wszystkich polskich portach, frachtowanie towar\u00f3w, bukowanie kontener\u00f3w, organizacj\u0119 [&hellip;]<\/p>\n","protected":false},"author":1,"featured_media":0,"parent":0,"menu_order":0,"comment_status":"closed","ping_status":"closed","template":"","meta":{"ngg_post_thumbnail":0,"footnotes":""},"_links":{"self":[{"href":"https:\/\/gpashipping.com\/index.php?rest_route=\/wp\/v2\/pages\/2"}],"collection":[{"href":"https:\/\/gpashipping.com\/index.php?rest_route=\/wp\/v2\/pages"}],"about":[{"href":"https:\/\/gpashipping.com\/index.php?rest_route=\/wp\/v2\/types\/page"}],"author":[{"embeddable":true,"href":"https:\/\/gpashipping.com\/index.php?rest_route=\/wp\/v2\/users\/1"}],"replies":[{"embeddable":true,"href":"https:\/\/gpashipping.com\/index.php?rest_route=%2Fwp%2Fv2%2Fcomments&post=2"}],"version-history":[{"count":12,"href":"https:\/\/gpashipping.com\/index.php?rest_route=\/wp\/v2\/pages\/2\/revisions"}],"predecessor-version":[{"id":1190,"href":"https:\/\/gpashipping.com\/index.php?rest_route=\/wp\/v2\/pages\/2\/revisions\/1190"}],"wp:attachment":[{"href":"https:\/\/gpashipping.com\/index.php?rest_route=%2Fwp%2Fv2%2Fmedia&parent=2"}],"curies":[{"name":"wp","href":"https:\/\/api.w.org\/{rel}","templated":true}]}}